{"id":70,"date":"2016-12-28T05:24:23","date_gmt":"2016-12-28T05:24:23","guid":{"rendered":"https:\/\/themify.me\/demo\/themes\/ultra-lawyer\/?page_id=25"},"modified":"2019-01-10T14:25:40","modified_gmt":"2019-01-10T19:25:40","slug":"about-2","status":"publish","type":"page","link":"https:\/\/www.gcroberge.ca\/marketing\/about-2\/","title":{"rendered":"\u00c0 propos"},"content":{"rendered":"<!--themify_builder_content-->\n<div id=\"themify_builder_content-70\" data-postid=\"70\" class=\"themify_builder_content themify_builder_content-70 themify_builder tf_clear\">\n    \t\t\t\t<!-- module_row -->\n\t\t<div  data-css_id=\"awzg691\" data-lazy=\"1\" class=\"module_row themify_builder_row fullwidth_row_container tb_awzg691 tb_first tf_w tf_clearfix wow\" data-tf-animation=\"fadeIn\">\n\t\t<div class=\"builder_row_cover tf_abs\"><\/div>\t\t\t<div class=\"row_inner col_align_top tb_col_count_1 tf_box tf_rel\">\n\t\t\t\t\t<div  data-lazy=\"1\" class=\"module_column tb-column col-full tb_btcj634 first\">\n\t\t\t\t\t\t\t\t\t<div class=\"tb-column-inner tf_box tf_w\">\n\t\t\t\t<!-- module text -->\n<div  class=\"module module-text tb_ccow467  repeat  wow\" data-tf-animation=\"fadeInUp\" data-lazy=\"1\">\n        <div  class=\"tb_text_wrap\">\n    <h1>\u00c0 propos<\/h1>    <\/div>\n<\/div>\n<!-- \/module text -->\t\t\t\t<\/div><!-- .tb-column-inner -->\n\t\t\t\t\t\t<\/div><!-- .module_column -->\n\t\t\t\t\t\t<\/div><!-- .row_inner -->\n\t\t<\/div><!-- .module_row -->\n\t\t\t\t\t\t\t\t<!-- module_row -->\n\t\t<div  data-lazy=\"1\" class=\"module_row themify_builder_row tb_6339160 tf_w tf_clearfix\">\n\t\t\t\t\t<div class=\"row_inner col_align_middle tb_col_count_2 tf_box tf_rel\">\n\t\t\t\t\t<div  data-lazy=\"1\" class=\"module_column tb-column col4-2 tb_dz9k104 first\">\n\t\t\t\t\t\t\t\t\t<div class=\"tb-column-inner tf_box tf_w\">\n\t\t\t\t<!-- module image -->\n<div  class=\"module module-image tb_aftm121 circle  image-center tf_mw wow\" data-tf-animation=\"fadeInLeft\" data-lazy=\"1\">\n        <div class=\"image-wrap tf_rel tf_mw\">\n\t\t    <img loading=\"lazy\" decoding=\"async\" src=\"http:\/\/www.gcroberge.ca\/marketing\/wp-content\/uploads\/2018\/08\/photo-michel-crop-u3805.jpg\" width=\"198\" height=\"199\" title=\"Michel Roberge, M.Sc.\" alt=\"Pr\u00e9sident, Groupe Conseil Roberge\n\n   Charg\u00e9 de cours en Marketing, UQAC\n\n   Analyste conseil, SADC du Fjord\">\t\n\t\t<\/div>\n\t<!-- \/image-wrap -->\n    \n    \t<div class=\"image-content\">\n\t    \t\t\t<h3 class=\"image-title\">\n\t\t\t\t\t\t\t\t\tMichel Roberge, M.Sc.\t\t\t\t\t\t\t<\/h3>\n\t    \n\t    \t\t<div class=\"image-caption tb_text_wrap\">\n\t\t     Pr\u00e9sident, Groupe Conseil Roberge\n\n   Charg\u00e9 de cours en Marketing, UQAC\n\n   Analyste conseil, SADC du Fjord\t    <\/div>\n\t    <!-- \/image-caption -->\n\t    \t<\/div>\n\t<!-- \/image-content -->\n    \t<\/div>\n<!-- \/module image -->\t\t\t\t<\/div><!-- .tb-column-inner -->\n\t\t\t\t\t\t<\/div><!-- .module_column -->\n\t\t\t\t\t<div  data-lazy=\"1\" class=\"module_column tb-column col4-2 tb_t2bo040 last\">\n\t\t\t\t\t\t\t\t\t<div class=\"tb-column-inner tf_box tf_w\">\n\t\t\t\t<!-- module text -->\n<div  class=\"module module-text tb_wo9e414  repeat  wow\" data-tf-animation=\"fadeInRight\" data-lazy=\"1\">\n        <div  class=\"tb_text_wrap\">\n    <h2>L\\&rsquo;histoire<\/h2><p id=\\\"u3796-2\\\">\u0152uvrant\u00a0 dans le domaine de la communication et du marketing depuis pr\u00e8s de 28 ans, Michel Roberge a \u00e9tudi\u00e9 en marketing \u00e0 l\u2019Universit\u00e9 du Qu\u00e9bec \u00e0 Chicoutimi et il d\u00e9tient aussi une Ma\u00eetrise en Gestion des Organisations (MGO) de l\u2019Universit\u00e9 du Qu\u00e9bec \u00e0 Chicoutimi o\u00f9 il y est \u00e9galement Charg\u00e9e de cours en Marketing.<\/p><p id=\\\"u3796-3\\\">\u00a0<\/p><p id=\\\"u3796-5\\\">Au fil des ans, il a occup\u00e9 divers postes de gestions avec des fonctions strat\u00e9giques. Il a conseill\u00e9 une multitude d\u2019entreprises et d\u2019organismes publics et parapublics dans les secteurs entreprises de\u00a0 services, entreprises industrielles ainsi que dans le secteur du commerce de d\u00e9tail.<\/p><p id=\\\"u3796-6\\\">\u00a0<\/p><p id=\\\"u3796-8\\\">En 2006, il a fait le saut du c\u00f4t\u00e9 des m\u00e9dias et a travaill\u00e9 pour le groupe Quebecor Media, TVA\u00a0 \u00e0 Saguenay Lac St-Jean, dans les fonctions de chef de produits multiservices. Il dirigeait le d\u00e9partement de production de TVA et\u00a0 \u00e9tait responsable des communications marketing de Qu\u00e9becor m\u00e9dia au Saguenay Lac St-Jean ainsi que le support aux ventes locales et \u00e0 l\u2019\u00e9laboration de la strat\u00e9gie de convergence publicitaire multiplateformes de Quebecor M\u00e9dia au Saguenay Lac St-Jean.<\/p><p id=\\\"u3796-9\\\">\u00a0<\/p><p id=\\\"u3796-11\\\">En 2014, il fondait le Groupe Conseil Roberge, il r\u00e9alisait un vieux r\u00eave en devenant consultant \u00e0 son compte en gestion et op\u00e9ration Marketing. Il est aussi analyste conseil pour la SADC du Fjord.<\/p><p id=\\\"u3796-12\\\">\u00a0<\/p><p id=\\\"u3796-14\\\">Michel Roberge est impliqu\u00e9 au sein de divers organismes et il si\u00e8ge aussi sur divers conseils d\u2019administration et est co-fondateur du Colloque Marketing Saguenay Lac St-Jean.<\/p><p>\u00a0<\/p>    <\/div>\n<\/div>\n<!-- \/module text -->\t\t\t\t<\/div><!-- .tb-column-inner -->\n\t\t\t\t\t\t<\/div><!-- .module_column -->\n\t\t\t\t\t\t<\/div><!-- .row_inner -->\n\t\t<\/div><!-- .module_row -->\n\t\t\t\t\t\t\t\t<!-- module_row -->\n\t\t<div  data-lazy=\"1\" class=\"module_row themify_builder_row tb_id8d770 tf_w tf_clearfix\">\n\t\t\t\t\t<div class=\"row_inner col_align_middle tb_col_count_2 tf_box tf_rel\">\n\t\t\t\t\t<div  data-lazy=\"1\" class=\"module_column tb-column col4-2 tb_40oe066 first\">\n\t\t\t\t\t\t\t\t\t<div class=\"tb-column-inner tf_box tf_w\">\n\t\t\t\t<!-- module text -->\n<div  class=\"module module-text tb_lk0k011  repeat  wow\" data-tf-animation=\"fadeInLeft\" data-lazy=\"1\">\n        <div  class=\"tb_text_wrap\">\n    <h2>Fernand Roberge, notre fondateur<\/h2><p>\u0152uvrant\u00a0 dans le domaine du commerce de d\u00e9tail et de l\u2019alimentation depuis pr\u00e8s de 50 ans, Fernand\u00a0 Roberge, a occup\u00e9 divers postes de gestions avec des fonctions strat\u00e9giques. Il a conseill\u00e9 une multitude d\u2019entreprises dans le secteur du commerce de d\u00e9tail.<\/p><p>\u00a0<\/p><p>De 1967 \u00e0 1981, directeur de plusieurs magasin Provigo au Saguenay ensuite il a dirig\u00e9 les op\u00e9rations des magasins M\u00e9tro et des d\u00e9panneurs 7 jours au Lac St-Jean.<\/p><p>\u00a0<\/p><p>En 1984, il r\u00e9alisait un vieux r\u00eave en devenant propri\u00e9taire pendant sept ans de magasins en alimentation, les magasins d\u2019escompte NG de Chicoutimi et Jonqui\u00e8re et du supermarch\u00e9 Provigo de Jonqui\u00e8re.<\/p><p>\u00a0<\/p><p>En 1991 il a fait le saut du c\u00f4t\u00e9 des commerces de boulangerie et p\u00e2tisserie et deviens directeur de la mise en march\u00e9 et responsable du d\u00e9veloppement des franchises pour le groupe P\u00e2tisserie Allard au Qu\u00e9bec et pour ensuite occuper le m\u00eame poste durant trois ans pour le groupe Saga au Saguenay, qui eux op\u00e8re la franchise des d\u00e9panneurs Sagamie du Saguenay Lac St-Jean. Pendant les 7 ann\u00e9es qui suivirent-ils a occup\u00e9 le poste de Directeur du magasin Super C de Chicoutimi ou il a form\u00e9 plusieurs nouveaux directeurs de magasin et a \u00e9t\u00e9 nomm\u00e9 directeur de l\u2019ann\u00e9e a plusieurs reprise. Apr\u00e8s un repos bien m\u00e9rit\u00e9 de 10 ans en 2014 il reprend du service pour le r\u00f4le de consultant senior au sein de l\u2019entreprise de son gar\u00e7on Le Groupe Conseil Roberge.<\/p><p>\u00a0<\/p><p>Fernand Roberge a \u00e9t\u00e9 impliqu\u00e9 au sein de divers organismes comme le club Richelieu de Roberval et le club Kiwanis de Chicoutimi, membre des chevaliers de Colomb 3 i\u00e8me et 4 i\u00e8me degr\u00e9 de Chicoutimi.<\/p>    <\/div>\n<\/div>\n<!-- \/module text -->\t\t\t\t<\/div><!-- .tb-column-inner -->\n\t\t\t\t\t\t<\/div><!-- .module_column -->\n\t\t\t\t\t<div  data-lazy=\"1\" class=\"module_column tb-column col4-2 tb_zy5o210 last\">\n\t\t\t\t\t\t\t\t\t<div class=\"tb-column-inner tf_box tf_w\">\n\t\t\t\t<!-- module image -->\n<div  class=\"module module-image tb_ccg4400 circle  image-center tf_mw wow\" data-tf-animation=\"fadeInRight\" data-lazy=\"1\">\n        <div class=\"image-wrap tf_rel tf_mw\">\n\t\t    <img loading=\"lazy\" decoding=\"async\" src=\"http:\/\/www.gcroberge.ca\/marketing\/wp-content\/uploads\/2018\/08\/fernand-roberge-2-crop-u4162.jpg\" width=\"198\" height=\"225\" title=\"Fernand Roberge\" alt=\"Consultant S\u00e9nior\n\n  Groupe Conseil Roberge\">\t\n\t\t<\/div>\n\t<!-- \/image-wrap -->\n    \n    \t<div class=\"image-content\">\n\t    \t\t\t<h3 class=\"image-title\">\n\t\t\t\t\t\t\t\t\tFernand Roberge\t\t\t\t\t\t\t<\/h3>\n\t    \n\t    \t\t<div class=\"image-caption tb_text_wrap\">\n\t\t    Consultant S\u00e9nior\n\n  Groupe Conseil Roberge\t    <\/div>\n\t    <!-- \/image-caption -->\n\t    \t<\/div>\n\t<!-- \/image-content -->\n    \t<\/div>\n<!-- \/module image -->\t\t\t\t<\/div><!-- .tb-column-inner -->\n\t\t\t\t\t\t<\/div><!-- .module_column -->\n\t\t\t\t\t\t<\/div><!-- .row_inner -->\n\t\t<\/div><!-- .module_row -->\n\t\t\t\t<\/div>\n<!--\/themify_builder_content-->","protected":false},"excerpt":{"rendered":"<p>\u00c0 propos Michel Roberge, M.Sc. Pr\u00e9sident, Groupe Conseil Roberge Charg\u00e9 de cours en Marketing, UQAC Analyste conseil, SADC du Fjord L\\&rsquo;histoire \u0152uvrant\u00a0 dans le domaine de la communication et du marketing depuis pr\u00e8s de 28 ans, Michel Roberge a \u00e9tudi\u00e9 en marketing \u00e0 l\u2019Universit\u00e9 du Qu\u00e9bec \u00e0 Chicoutimi et il d\u00e9tient aussi une Ma\u00eetrise en [&hellip;]<\/p>\n","protected":false},"author":1,"featured_media":0,"parent":0,"menu_order":0,"comment_status":"closed","ping_status":"closed","template":"","meta":{"_exactmetrics_skip_tracking":false,"_exactmetrics_sitenote_active":false,"_exactmetrics_sitenote_note":"","_exactmetrics_sitenote_category":0,"footnotes":""},"class_list":["post-70","page","type-page","status-publish","hentry","has-post-title","has-post-date","has-post-category","has-post-tag","has-post-comment","has-post-author",""],"yoast_head":"<!-- This site is optimized with the Yoast SEO plugin v26.6 - https:\/\/yoast.com\/wordpress\/plugins\/seo\/ -->\n<title>\u00c0 propos - Groupe Conseil Roberge - Gestion, op\u00e9ration &amp; marketing<\/title>\n<meta name=\"description\" content=\"L&#039;histoire du Groupe Conseil Roberge\" \/>\n<meta name=\"robots\" content=\"index, follow, max-snippet:-1, max-image-preview:large, max-video-preview:-1\" \/>\n<link rel=\"canonical\" href=\"https:\/\/www.gcroberge.ca\/marketing\/about-2\/\" \/>\n<meta property=\"og:locale\" content=\"fr_FR\" \/>\n<meta property=\"og:type\" content=\"article\" \/>\n<meta property=\"og:title\" content=\"\u00c0 propos - Groupe Conseil Roberge - Gestion, op\u00e9ration &amp; marketing\" \/>\n<meta property=\"og:description\" content=\"L&#039;histoire du Groupe Conseil Roberge\" \/>\n<meta property=\"og:url\" content=\"https:\/\/www.gcroberge.ca\/marketing\/about-2\/\" \/>\n<meta property=\"og:site_name\" content=\"Groupe Conseil Roberge - Gestion, op\u00e9ration &amp; marketing\" \/>\n<meta property=\"article:modified_time\" content=\"2019-01-10T19:25:40+00:00\" \/>\n<meta property=\"og:image\" content=\"http:\/\/www.gcroberge.ca\/marketing\/wp-content\/uploads\/2018\/08\/photo-michel-crop-u3805.jpg\" \/>\n<meta name=\"twitter:card\" content=\"summary_large_image\" \/>\n<meta name=\"twitter:label1\" content=\"Dur\u00e9e de lecture estim\u00e9e\" \/>\n\t<meta name=\"twitter:data1\" content=\"3 minutes\" \/>\n<script type=\"application\/ld+json\" class=\"yoast-schema-graph\">{\"@context\":\"https:\/\/schema.org\",\"@graph\":[{\"@type\":\"WebPage\",\"@id\":\"https:\/\/www.gcroberge.ca\/marketing\/about-2\/\",\"url\":\"https:\/\/www.gcroberge.ca\/marketing\/about-2\/\",\"name\":\"\u00c0 propos - Groupe Conseil Roberge - Gestion, op\u00e9ration &amp; marketing\",\"isPartOf\":{\"@id\":\"https:\/\/www.gcroberge.ca\/marketing\/#website\"},\"primaryImageOfPage\":{\"@id\":\"https:\/\/www.gcroberge.ca\/marketing\/about-2\/#primaryimage\"},\"image\":{\"@id\":\"https:\/\/www.gcroberge.ca\/marketing\/about-2\/#primaryimage\"},\"thumbnailUrl\":\"http:\/\/www.gcroberge.ca\/marketing\/wp-content\/uploads\/2018\/08\/photo-michel-crop-u3805.jpg\",\"datePublished\":\"2016-12-28T05:24:23+00:00\",\"dateModified\":\"2019-01-10T19:25:40+00:00\",\"description\":\"L'histoire du Groupe Conseil Roberge\",\"breadcrumb\":{\"@id\":\"https:\/\/www.gcroberge.ca\/marketing\/about-2\/#breadcrumb\"},\"inLanguage\":\"fr-FR\",\"potentialAction\":[{\"@type\":\"ReadAction\",\"target\":[\"https:\/\/www.gcroberge.ca\/marketing\/about-2\/\"]}]},{\"@type\":\"ImageObject\",\"inLanguage\":\"fr-FR\",\"@id\":\"https:\/\/www.gcroberge.ca\/marketing\/about-2\/#primaryimage\",\"url\":\"http:\/\/www.gcroberge.ca\/marketing\/wp-content\/uploads\/2018\/08\/photo-michel-crop-u3805.jpg\",\"contentUrl\":\"http:\/\/www.gcroberge.ca\/marketing\/wp-content\/uploads\/2018\/08\/photo-michel-crop-u3805.jpg\"},{\"@type\":\"BreadcrumbList\",\"@id\":\"https:\/\/www.gcroberge.ca\/marketing\/about-2\/#breadcrumb\",\"itemListElement\":[{\"@type\":\"ListItem\",\"position\":1,\"name\":\"Accueil\",\"item\":\"https:\/\/www.gcroberge.ca\/marketing\/\"},{\"@type\":\"ListItem\",\"position\":2,\"name\":\"\u00c0 propos\"}]},{\"@type\":\"WebSite\",\"@id\":\"https:\/\/www.gcroberge.ca\/marketing\/#website\",\"url\":\"https:\/\/www.gcroberge.ca\/marketing\/\",\"name\":\"Groupe Conseil Roberge - Gestion, op\u00e9ration &amp; marketing\",\"description\":\"Des conseils, des strat\u00e9gies, des d\u00e9cisions, de l&#039;action!\",\"potentialAction\":[{\"@type\":\"SearchAction\",\"target\":{\"@type\":\"EntryPoint\",\"urlTemplate\":\"https:\/\/www.gcroberge.ca\/marketing\/?s={search_term_string}\"},\"query-input\":{\"@type\":\"PropertyValueSpecification\",\"valueRequired\":true,\"valueName\":\"search_term_string\"}}],\"inLanguage\":\"fr-FR\"}]}<\/script>\n<!-- \/ Yoast SEO plugin. -->","yoast_head_json":{"title":"\u00c0 propos - Groupe Conseil Roberge - Gestion, op\u00e9ration &amp; marketing","description":"L'histoire du Groupe Conseil Roberge","robots":{"index":"index","follow":"follow","max-snippet":"max-snippet:-1","max-image-preview":"max-image-preview:large","max-video-preview":"max-video-preview:-1"},"canonical":"https:\/\/www.gcroberge.ca\/marketing\/about-2\/","og_locale":"fr_FR","og_type":"article","og_title":"\u00c0 propos - Groupe Conseil Roberge - Gestion, op\u00e9ration &amp; marketing","og_description":"L'histoire du Groupe Conseil Roberge","og_url":"https:\/\/www.gcroberge.ca\/marketing\/about-2\/","og_site_name":"Groupe Conseil Roberge - Gestion, op\u00e9ration &amp; marketing","article_modified_time":"2019-01-10T19:25:40+00:00","og_image":[{"url":"http:\/\/www.gcroberge.ca\/marketing\/wp-content\/uploads\/2018\/08\/photo-michel-crop-u3805.jpg","type":"","width":"","height":""}],"twitter_card":"summary_large_image","twitter_misc":{"Dur\u00e9e de lecture estim\u00e9e":"3 minutes"},"schema":{"@context":"https:\/\/schema.org","@graph":[{"@type":"WebPage","@id":"https:\/\/www.gcroberge.ca\/marketing\/about-2\/","url":"https:\/\/www.gcroberge.ca\/marketing\/about-2\/","name":"\u00c0 propos - Groupe Conseil Roberge - Gestion, op\u00e9ration &amp; marketing","isPartOf":{"@id":"https:\/\/www.gcroberge.ca\/marketing\/#website"},"primaryImageOfPage":{"@id":"https:\/\/www.gcroberge.ca\/marketing\/about-2\/#primaryimage"},"image":{"@id":"https:\/\/www.gcroberge.ca\/marketing\/about-2\/#primaryimage"},"thumbnailUrl":"http:\/\/www.gcroberge.ca\/marketing\/wp-content\/uploads\/2018\/08\/photo-michel-crop-u3805.jpg","datePublished":"2016-12-28T05:24:23+00:00","dateModified":"2019-01-10T19:25:40+00:00","description":"L'histoire du Groupe Conseil Roberge","breadcrumb":{"@id":"https:\/\/www.gcroberge.ca\/marketing\/about-2\/#breadcrumb"},"inLanguage":"fr-FR","potentialAction":[{"@type":"ReadAction","target":["https:\/\/www.gcroberge.ca\/marketing\/about-2\/"]}]},{"@type":"ImageObject","inLanguage":"fr-FR","@id":"https:\/\/www.gcroberge.ca\/marketing\/about-2\/#primaryimage","url":"http:\/\/www.gcroberge.ca\/marketing\/wp-content\/uploads\/2018\/08\/photo-michel-crop-u3805.jpg","contentUrl":"http:\/\/www.gcroberge.ca\/marketing\/wp-content\/uploads\/2018\/08\/photo-michel-crop-u3805.jpg"},{"@type":"BreadcrumbList","@id":"https:\/\/www.gcroberge.ca\/marketing\/about-2\/#breadcrumb","itemListElement":[{"@type":"ListItem","position":1,"name":"Accueil","item":"https:\/\/www.gcroberge.ca\/marketing\/"},{"@type":"ListItem","position":2,"name":"\u00c0 propos"}]},{"@type":"WebSite","@id":"https:\/\/www.gcroberge.ca\/marketing\/#website","url":"https:\/\/www.gcroberge.ca\/marketing\/","name":"Groupe Conseil Roberge - Gestion, op\u00e9ration &amp; marketing","description":"Des conseils, des strat\u00e9gies, des d\u00e9cisions, de l&#039;action!","potentialAction":[{"@type":"SearchAction","target":{"@type":"EntryPoint","urlTemplate":"https:\/\/www.gcroberge.ca\/marketing\/?s={search_term_string}"},"query-input":{"@type":"PropertyValueSpecification","valueRequired":true,"valueName":"search_term_string"}}],"inLanguage":"fr-FR"}]}},"builder_content":"<h1>\u00c0 propos<\/h1>\n<img src=\"http:\/\/www.gcroberge.ca\/marketing\/wp-content\/uploads\/2018\/08\/photo-michel-crop-u3805.jpg\" width=\"198\" height=\"199\" title=\"Michel Roberge, M.Sc.\" alt=\"Pr\u00e9sident, Groupe Conseil Roberge\n Charg\u00e9 de cours en Marketing, UQAC\n Analyste conseil, SADC du Fjord\"> <h3> Michel Roberge, M.Sc. <\/h3> Pr\u00e9sident, Groupe Conseil Roberge\n Charg\u00e9 de cours en Marketing, UQAC\n Analyste conseil, SADC du Fjord\n<h2>L\\'histoire<\/h2><p id=\\\"u3796-2\\\">\u0152uvrant\u00a0 dans le domaine de la communication et du marketing depuis pr\u00e8s de 28 ans, Michel Roberge a \u00e9tudi\u00e9 en marketing \u00e0 l\u2019Universit\u00e9 du Qu\u00e9bec \u00e0 Chicoutimi et il d\u00e9tient aussi une Ma\u00eetrise en Gestion des Organisations (MGO) de l\u2019Universit\u00e9 du Qu\u00e9bec \u00e0 Chicoutimi o\u00f9 il y est \u00e9galement Charg\u00e9e de cours en Marketing.<\/p><p id=\\\"u3796-3\\\">\u00a0<\/p><p id=\\\"u3796-5\\\">Au fil des ans, il a occup\u00e9 divers postes de gestions avec des fonctions strat\u00e9giques. Il a conseill\u00e9 une multitude d\u2019entreprises et d\u2019organismes publics et parapublics dans les secteurs entreprises de\u00a0 services, entreprises industrielles ainsi que dans le secteur du commerce de d\u00e9tail.<\/p><p id=\\\"u3796-6\\\">\u00a0<\/p><p id=\\\"u3796-8\\\">En 2006, il a fait le saut du c\u00f4t\u00e9 des m\u00e9dias et a travaill\u00e9 pour le groupe Quebecor Media, TVA\u00a0 \u00e0 Saguenay Lac St-Jean, dans les fonctions de chef de produits multiservices. Il dirigeait le d\u00e9partement de production de TVA et\u00a0 \u00e9tait responsable des communications marketing de Qu\u00e9becor m\u00e9dia au Saguenay Lac St-Jean ainsi que le support aux ventes locales et \u00e0 l\u2019\u00e9laboration de la strat\u00e9gie de convergence publicitaire multiplateformes de Quebecor M\u00e9dia au Saguenay Lac St-Jean.<\/p><p id=\\\"u3796-9\\\">\u00a0<\/p><p id=\\\"u3796-11\\\">En 2014, il fondait le Groupe Conseil Roberge, il r\u00e9alisait un vieux r\u00eave en devenant consultant \u00e0 son compte en gestion et op\u00e9ration Marketing. Il est aussi analyste conseil pour la SADC du Fjord.<\/p><p id=\\\"u3796-12\\\">\u00a0<\/p><p id=\\\"u3796-14\\\">Michel Roberge est impliqu\u00e9 au sein de divers organismes et il si\u00e8ge aussi sur divers conseils d\u2019administration et est co-fondateur du Colloque Marketing Saguenay Lac St-Jean.<\/p><p>\u00a0<\/p>\n<h2>Fernand Roberge, notre fondateur<\/h2><p>\u0152uvrant\u00a0 dans le domaine du commerce de d\u00e9tail et de l\u2019alimentation depuis pr\u00e8s de 50 ans, Fernand\u00a0 Roberge, a occup\u00e9 divers postes de gestions avec des fonctions strat\u00e9giques. Il a conseill\u00e9 une multitude d\u2019entreprises dans le secteur du commerce de d\u00e9tail.<\/p><p>\u00a0<\/p><p>De 1967 \u00e0 1981, directeur de plusieurs magasin Provigo au Saguenay ensuite il a dirig\u00e9 les op\u00e9rations des magasins M\u00e9tro et des d\u00e9panneurs 7 jours au Lac St-Jean.<\/p><p>\u00a0<\/p><p>En 1984, il r\u00e9alisait un vieux r\u00eave en devenant propri\u00e9taire pendant sept ans de magasins en alimentation, les magasins d\u2019escompte NG de Chicoutimi et Jonqui\u00e8re et du supermarch\u00e9 Provigo de Jonqui\u00e8re.<\/p><p>\u00a0<\/p><p>En 1991 il a fait le saut du c\u00f4t\u00e9 des commerces de boulangerie et p\u00e2tisserie et deviens directeur de la mise en march\u00e9 et responsable du d\u00e9veloppement des franchises pour le groupe P\u00e2tisserie Allard au Qu\u00e9bec et pour ensuite occuper le m\u00eame poste durant trois ans pour le groupe Saga au Saguenay, qui eux op\u00e8re la franchise des d\u00e9panneurs Sagamie du Saguenay Lac St-Jean. Pendant les 7 ann\u00e9es qui suivirent-ils a occup\u00e9 le poste de Directeur du magasin Super C de Chicoutimi ou il a form\u00e9 plusieurs nouveaux directeurs de magasin et a \u00e9t\u00e9 nomm\u00e9 directeur de l\u2019ann\u00e9e a plusieurs reprise. Apr\u00e8s un repos bien m\u00e9rit\u00e9 de 10 ans en 2014 il reprend du service pour le r\u00f4le de consultant senior au sein de l\u2019entreprise de son gar\u00e7on Le Groupe Conseil Roberge.<\/p><p>\u00a0<\/p><p>Fernand Roberge a \u00e9t\u00e9 impliqu\u00e9 au sein de divers organismes comme le club Richelieu de Roberval et le club Kiwanis de Chicoutimi, membre des chevaliers de Colomb 3 i\u00e8me et 4 i\u00e8me degr\u00e9 de Chicoutimi.<\/p>\n<img src=\"http:\/\/www.gcroberge.ca\/marketing\/wp-content\/uploads\/2018\/08\/fernand-roberge-2-crop-u4162.jpg\" width=\"198\" height=\"225\" title=\"Fernand Roberge\" alt=\"Consultant S\u00e9nior\n Groupe Conseil Roberge\"> <h3> Fernand Roberge <\/h3> Consultant S\u00e9nior\n Groupe Conseil Roberge","_links":{"self":[{"href":"https:\/\/www.gcroberge.ca\/marketing\/wp-json\/wp\/v2\/pages\/70","targetHints":{"allow":["GET"]}}],"collection":[{"href":"https:\/\/www.gcroberge.ca\/marketing\/wp-json\/wp\/v2\/pages"}],"about":[{"href":"https:\/\/www.gcroberge.ca\/marketing\/wp-json\/wp\/v2\/types\/page"}],"author":[{"embeddable":true,"href":"https:\/\/www.gcroberge.ca\/marketing\/wp-json\/wp\/v2\/users\/1"}],"replies":[{"embeddable":true,"href":"https:\/\/www.gcroberge.ca\/marketing\/wp-json\/wp\/v2\/comments?post=70"}],"version-history":[{"count":36,"href":"https:\/\/www.gcroberge.ca\/marketing\/wp-json\/wp\/v2\/pages\/70\/revisions"}],"predecessor-version":[{"id":795,"href":"https:\/\/www.gcroberge.ca\/marketing\/wp-json\/wp\/v2\/pages\/70\/revisions\/795"}],"wp:attachment":[{"href":"https:\/\/www.gcroberge.ca\/marketing\/wp-json\/wp\/v2\/media?parent=70"}],"curies":[{"name":"wp","href":"https:\/\/api.w.org\/{rel}","templated":true}]}}